{"id":21,"date":"2020-11-12T16:46:59","date_gmt":"2020-11-12T15:46:59","guid":{"rendered":"http:\/\/hashenka.com\/?page_id=21"},"modified":"2021-01-21T11:54:01","modified_gmt":"2021-01-21T10:54:01","slug":"nos-magasins","status":"publish","type":"page","link":"http:\/\/hashenka.com\/fr_fr\/nos-magasins\/","title":{"rendered":"Magasins"},"content":{"rendered":"\n<div class=\"wp-block-columns\">\n<div class=\"wp-block-column\"><\/div>\n\n\n\n<div class=\"wp-block-column\">\n<p class=\"has-text-align-center has-text-color\" style=\"color:#32273f\">Nous joindre par email : <a href=\"mailto:hashenka@ozone.net\">hashenka@ozone.net<\/a><\/p>\n<\/div>\n\n\n\n<div class=\"wp-block-column\"><\/div>\n<\/div>\n\n\n\n<div class=\"wp-block-columns\">\n<div class=\"wp-block-column\">\n<i class=\"fas fa-phone\"><\/i> <a href=\"tel:+330231491594\">02 31 49 15 94  <\/a>\n\n\n\n<h2 style=\"font-size:24px\">Honfleur<\/h2>\n<\/div>\n\n\n\n<div class=\"wp-block-column\">\n<i class=\"fas fa-phone\"><\/i> <a href=\"tel:+330546290660\">05 46 29 06 60<\/a>\n\n\n\n<h2 style=\"font-size:24px\">La Rochelle<\/h2>\n<\/div>\n\n\n\n<div class=\"wp-block-column\">\n<i class=\"fas fa-phone\"><\/i> <a href=\"tel:+330247642629\">02 47 64 26 29<\/a>\n\n\n\n<h2 style=\"font-size:24px\">Tours<\/h2>\n<\/div>\n<\/div>\n\n\n\n<div class=\"wp-block-columns\">\n<div class=\"wp-block-column\">\n<iframe loading=\"lazy\" src=\"https:\/\/www.google.com\/maps\/embed?pb=!1m18!1m12!1m3!1d2595.4623993442797!2d0.23220331569430525!3d49.419071479346464!2m3!1f0!2f0!3f0!3m2!1i1024!2i768!4f13.1!3m3!1m2!1s0x47e033bb88af0d93%3A0x3ca95bb13761efa0!2s17%20Rue%20de%20la%20ville%2C%2014600%20Honfleur!5e0!3m2!1sfr!2sfr!4v1607608463959!5m2!1sfr!2sfr\" style=\"border:0;\" allowfullscreen=\"\" aria-hidden=\"false\" tabindex=\"0\" width=\"400\" height=\"100\" frameborder=\"0\"><\/iframe>\n<\/div>\n\n\n\n<div class=\"wp-block-column\">\n<iframe loading=\"lazy\" src=\"https:\/\/www.google.com\/maps\/embed?pb=!1m18!1m12!1m3!1d2763.5933993462017!2d-1.153083484419145!3d46.158842179115254!2m3!1f0!2f0!3f0!3m2!1i1024!2i768!4f13.1!3m3!1m2!1s0x480153af13fc642f%3A0x7bdbd0ec96f7ce60!2s9%20Rue%20Saint-Sauveur%2C%2017000%20La%20Rochelle!5e0!3m2!1sfr!2sfr!4v1607608597478!5m2!1sfr!2sfr\" style=\"border:0;\" allowfullscreen=\"\" aria-hidden=\"false\" tabindex=\"0\" width=\"400\" height=\"100\" frameborder=\"0\"><\/iframe>\n<\/div>\n\n\n\n<div class=\"wp-block-column\">\n<iframe loading=\"lazy\" src=\"https:\/\/www.google.com\/maps\/embed?pb=!1m18!1m12!1m3!1d2701.0041769299255!2d0.6860156156230721!3d47.39235137917114!2m3!1f0!2f0!3f0!3m2!1i1024!2i768!4f13.1!3m3!1m2!1s0x47fcd5b6c505ebd3%3A0xb0fb6c9554bd060e!2s72%20Rue%20Nationale%2C%2037000%20Tours!5e0!3m2!1sfr!2sfr!4v1607608504655!5m2!1sfr!2sfr\" style=\"border:0;\" allowfullscreen=\"\" aria-hidden=\"false\" tabindex=\"0\" width=\"400\" height=\"100\" frameborder=\"0\"><\/iframe>\n<\/div>\n<\/div>\n\n\n\n<div class=\"wp-block-columns\">\n<div class=\"wp-block-column\">\n<figure class=\"wp-block-image size-large\"><a href=\"http:\/\/hashenka.com\/wp-content\/uploads\/2020\/12\/honfleur.jpg\" target=\"_blank\" rel=\"noopener noreferrer\" data-rel=\"lightbox-image-0\" data-rl_title=\"\" data-rl_caption=\"\" title=\"\"><img loading=\"lazy\" width=\"814\" height=\"602\" src=\"http:\/\/hashenka.com\/wp-content\/uploads\/2020\/12\/honfleur.jpg\" alt=\"\" class=\"wp-image-3201\" srcset=\"https:\/\/hashenka.com\/wp-content\/uploads\/2020\/12\/honfleur.jpg 814w, https:\/\/hashenka.com\/wp-content\/uploads\/2020\/12\/honfleur-300x222.jpg 300w, https:\/\/hashenka.com\/wp-content\/uploads\/2020\/12\/honfleur-768x568.jpg 768w, https:\/\/hashenka.com\/wp-content\/uploads\/2020\/12\/honfleur-16x12.jpg 16w, https:\/\/hashenka.com\/wp-content\/uploads\/2020\/12\/honfleur-24x18.jpg 24w, https:\/\/hashenka.com\/wp-content\/uploads\/2020\/12\/honfleur-36x27.jpg 36w, https:\/\/hashenka.com\/wp-content\/uploads\/2020\/12\/honfleur-48x35.jpg 48w, https:\/\/hashenka.com\/wp-content\/uploads\/2020\/12\/honfleur-600x444.jpg 600w\" sizes=\"(max-width: 814px) 100vw, 814px\" \/><\/a><\/figure>\n\n\n\n<h4 class=\"has-medium-font-size\">Magasin Hash\u00e8nka de Honfleur<\/h4>\n\n\n\n<p class=\"has-text-color has-medium-font-size\" style=\"color:#32273f\">sp\u00e9cialis\u00e9 en Murano, ouvert 7j sur 7 \u00e0 partir de Avril \u00e0 octobre. Ouvert les week end de novembre \u00e0 mars.<\/p>\n<\/div>\n\n\n\n<div class=\"wp-block-column\">\n<figure class=\"wp-block-image size-large\"><a href=\"http:\/\/hashenka.com\/wp-content\/uploads\/2020\/12\/hashenka-3lr-2.jpg\" target=\"_blank\" rel=\"noopener noreferrer\" data-rel=\"lightbox-image-1\" data-rl_title=\"\" data-rl_caption=\"\" title=\"\"><img loading=\"lazy\" width=\"810\" height=\"602\" src=\"http:\/\/hashenka.com\/wp-content\/uploads\/2020\/12\/hashenka-3lr-2.jpg\" alt=\"\" class=\"wp-image-3202\" srcset=\"https:\/\/hashenka.com\/wp-content\/uploads\/2020\/12\/hashenka-3lr-2.jpg 810w, https:\/\/hashenka.com\/wp-content\/uploads\/2020\/12\/hashenka-3lr-2-300x223.jpg 300w, https:\/\/hashenka.com\/wp-content\/uploads\/2020\/12\/hashenka-3lr-2-768x571.jpg 768w, https:\/\/hashenka.com\/wp-content\/uploads\/2020\/12\/hashenka-3lr-2-16x12.jpg 16w, https:\/\/hashenka.com\/wp-content\/uploads\/2020\/12\/hashenka-3lr-2-24x18.jpg 24w, https:\/\/hashenka.com\/wp-content\/uploads\/2020\/12\/hashenka-3lr-2-36x27.jpg 36w, https:\/\/hashenka.com\/wp-content\/uploads\/2020\/12\/hashenka-3lr-2-48x36.jpg 48w, https:\/\/hashenka.com\/wp-content\/uploads\/2020\/12\/hashenka-3lr-2-600x446.jpg 600w\" sizes=\"(max-width: 810px) 100vw, 810px\" \/><\/a><\/figure>\n\n\n\n<h4 class=\"has-medium-font-size\">Magasin Hash\u00e8nka de La Rochelle<\/h4>\n\n\n\n<p class=\"has-text-color has-medium-font-size\" style=\"color:#32273f\">sp\u00e9cialis\u00e9 en verre de Murano, est ouvert toute l&rsquo;ann\u00e9e du mardi au samedi. Tous les jours en juillet et ao\u00fbt.<\/p>\n<\/div>\n\n\n\n<div class=\"wp-block-column\">\n<figure class=\"wp-block-image size-large\"><a href=\"http:\/\/hashenka.com\/wp-content\/uploads\/2020\/12\/visuel-magasin-Tours-MODIF-1.jpg\" target=\"_blank\" rel=\"noopener noreferrer\" data-rel=\"lightbox-image-2\" data-rl_title=\"\" data-rl_caption=\"\" title=\"\"><img loading=\"lazy\" width=\"810\" height=\"602\" src=\"http:\/\/hashenka.com\/wp-content\/uploads\/2020\/12\/visuel-magasin-Tours-MODIF-1.jpg\" alt=\"\" class=\"wp-image-3203\" srcset=\"https:\/\/hashenka.com\/wp-content\/uploads\/2020\/12\/visuel-magasin-Tours-MODIF-1.jpg 810w, https:\/\/hashenka.com\/wp-content\/uploads\/2020\/12\/visuel-magasin-Tours-MODIF-1-300x223.jpg 300w, https:\/\/hashenka.com\/wp-content\/uploads\/2020\/12\/visuel-magasin-Tours-MODIF-1-768x571.jpg 768w, https:\/\/hashenka.com\/wp-content\/uploads\/2020\/12\/visuel-magasin-Tours-MODIF-1-16x12.jpg 16w, https:\/\/hashenka.com\/wp-content\/uploads\/2020\/12\/visuel-magasin-Tours-MODIF-1-24x18.jpg 24w, https:\/\/hashenka.com\/wp-content\/uploads\/2020\/12\/visuel-magasin-Tours-MODIF-1-36x27.jpg 36w, https:\/\/hashenka.com\/wp-content\/uploads\/2020\/12\/visuel-magasin-Tours-MODIF-1-48x36.jpg 48w, https:\/\/hashenka.com\/wp-content\/uploads\/2020\/12\/visuel-magasin-Tours-MODIF-1-600x446.jpg 600w\" sizes=\"(max-width: 810px) 100vw, 810px\" \/><\/a><\/figure>\n\n\n\n<h4 class=\"has-medium-font-size\">Magasin Hash\u00e8nka de Tours<\/h4>\n\n\n\n<p class=\"has-text-color has-medium-font-size\" style=\"color:#32273f\">est ouvert toute l&rsquo;ann\u00e9e du lundi au samedi de 10 \u00e0 19 h. Dans la galerie Nationale FNAC.<\/p>\n<\/div>\n<\/div>\n\n\n\n<div class=\"wp-container-1 wp-block-buttons\">\n<div class=\"wp-block-button\"><a class=\"wp-block-button__link\" href=\"http:\/\/hashenka.com\/fr_fr\/evenements\/\">voir nos \u00e9v\u00e8nements<\/a><\/div>\n<\/div>\n\n\n\n<p><\/p>\n\n\n\n<p><\/p>\n","protected":false},"excerpt":{"rendered":"<p>Nous joindre par email : hashenka@ozone.net 02 31 49 15 94 Honfleur 05 46 29 06 60 La Rochelle 02 47 64 26 29 Tours Magasin Hash\u00e8nka de Honfleur sp\u00e9cialis\u00e9 en Murano, ouvert 7j sur 7 \u00e0 partir de Avril \u00e0 octobre. Ouvert les week end de novembre \u00e0 mars. Magasin Hash\u00e8nka de La Rochelle [&hellip;]<\/p>\n","protected":false},"author":1,"featured_media":0,"parent":0,"menu_order":0,"comment_status":"closed","ping_status":"closed","template":"","meta":[],"yoast_head":"<!-- This site is optimized with the Yoast SEO plugin v15.2.1 - https:\/\/yoast.com\/wordpress\/plugins\/seo\/ -->\n<title>Magasins &gt; Hashenka<\/title>\n<meta name=\"description\" content=\"magasins tours la rochelle honfleur hashenka bijoux objets en verre de murano Magasins %\" \/>\n<meta name=\"robots\" content=\"index, follow, max-snippet:-1, max-image-preview:large, max-video-preview:-1\" \/>\n<link rel=\"canonical\" href=\"https:\/\/hashenka.com\/fr_fr\/nos-magasins\/\" \/>\n<meta property=\"og:locale\" content=\"fr_FR\" \/>\n<meta property=\"og:type\" content=\"article\" \/>\n<meta property=\"og:title\" content=\"Magasins &gt; Hashenka\" \/>\n<meta property=\"og:description\" content=\"magasins tours la rochelle honfleur hashenka bijoux objets en verre de murano Magasins\" \/>\n<meta property=\"og:url\" content=\"https:\/\/hashenka.com\/fr_fr\/nos-magasins\/\" \/>\n<meta property=\"og:site_name\" content=\"Hashenka\" \/>\n<meta property=\"article:modified_time\" content=\"2021-01-21T10:54:01+00:00\" \/>\n<meta property=\"og:image\" content=\"http:\/\/hashenka.com\/wp-content\/uploads\/2020\/12\/honfleur.jpg\" \/>\n<meta name=\"twitter:card\" content=\"summary_large_image\" \/>\n<meta name=\"twitter:label1\" content=\"\u00c9crit par\">\n\t<meta name=\"twitter:data1\" content=\"admin8227\">\n\t<meta name=\"twitter:label2\" content=\"Dur\u00e9e de lecture est.\">\n\t<meta name=\"twitter:data2\" content=\"0 minute\">\n<script type=\"application\/ld+json\" class=\"yoast-schema-graph\">{\"@context\":\"https:\/\/schema.org\",\"@graph\":[{\"@type\":\"WebSite\",\"@id\":\"https:\/\/hashenka.com\/fr_fr\/#website\",\"url\":\"https:\/\/hashenka.com\/fr_fr\/\",\"name\":\"Hashenka\",\"description\":\"Bijoux et objets en verre de Murano\",\"potentialAction\":[{\"@type\":\"SearchAction\",\"target\":\"https:\/\/hashenka.com\/fr_fr\/?s={search_term_string}\",\"query-input\":\"required name=search_term_string\"}],\"inLanguage\":\"fr-FR\"},{\"@type\":\"ImageObject\",\"@id\":\"https:\/\/hashenka.com\/fr_fr\/nos-magasins\/#primaryimage\",\"inLanguage\":\"fr-FR\",\"url\":\"http:\/\/hashenka.com\/wp-content\/uploads\/2020\/12\/honfleur.jpg\"},{\"@type\":\"WebPage\",\"@id\":\"https:\/\/hashenka.com\/fr_fr\/nos-magasins\/#webpage\",\"url\":\"https:\/\/hashenka.com\/fr_fr\/nos-magasins\/\",\"name\":\"Magasins &gt; Hashenka\",\"isPartOf\":{\"@id\":\"https:\/\/hashenka.com\/fr_fr\/#website\"},\"primaryImageOfPage\":{\"@id\":\"https:\/\/hashenka.com\/fr_fr\/nos-magasins\/#primaryimage\"},\"datePublished\":\"2020-11-12T15:46:59+00:00\",\"dateModified\":\"2021-01-21T10:54:01+00:00\",\"description\":\"magasins tours la rochelle honfleur hashenka bijoux objets en verre de murano Magasins %\",\"inLanguage\":\"fr-FR\",\"potentialAction\":[{\"@type\":\"ReadAction\",\"target\":[\"https:\/\/hashenka.com\/fr_fr\/nos-magasins\/\"]}]}]}<\/script>\n<!-- \/ Yoast SEO plugin. -->","_links":{"self":[{"href":"http:\/\/hashenka.com\/fr_fr\/wp-json\/wp\/v2\/pages\/21"}],"collection":[{"href":"http:\/\/hashenka.com\/fr_fr\/wp-json\/wp\/v2\/pages"}],"about":[{"href":"http:\/\/hashenka.com\/fr_fr\/wp-json\/wp\/v2\/types\/page"}],"author":[{"embeddable":true,"href":"http:\/\/hashenka.com\/fr_fr\/wp-json\/wp\/v2\/users\/1"}],"replies":[{"embeddable":true,"href":"http:\/\/hashenka.com\/fr_fr\/wp-json\/wp\/v2\/comments?post=21"}],"version-history":[{"count":14,"href":"http:\/\/hashenka.com\/fr_fr\/wp-json\/wp\/v2\/pages\/21\/revisions"}],"predecessor-version":[{"id":3382,"href":"http:\/\/hashenka.com\/fr_fr\/wp-json\/wp\/v2\/pages\/21\/revisions\/3382"}],"wp:attachment":[{"href":"http:\/\/hashenka.com\/fr_fr\/wp-json\/wp\/v2\/media?parent=21"}],"curies":[{"name":"wp","href":"https:\/\/api.w.org\/{rel}","templated":true}]}}