{"id":991,"date":"2020-11-23T15:37:45","date_gmt":"2020-11-23T14:37:45","guid":{"rendered":"http:\/\/hashenka.com\/?product=import-placeholder-for-pcpad03"},"modified":"2021-05-07T17:47:40","modified_gmt":"2021-05-07T15:47:40","slug":"pendentif-coeur-bleu-et-feuille-dargent","status":"publish","type":"product","link":"http:\/\/hashenka.com\/en\/boutique\/accueil\/nos-collections\/pendentifs-et-medailles\/pendentif-coeur-bleu-et-feuille-dargent\/","title":{"rendered":"pendentif coeur bleu et feuille d&rsquo;argent"},"content":{"rendered":"<p><span style=\"font-size: medium; font-family: georgia,palatino; color: #464646;\"><span style=\"background: none repeat scroll 0% 0% transparent;\"><span style=\"font-size: medium; font-family: georgia,palatino; color: #3b3b3b;\"><span style=\"background: transparent none repeat scroll 0% 0%;\">Pendentif <span style=\"font-size: medium; font-family: georgia,palatino; color: #3b3b3b;\"><span style=\"background: transparent none repeat scroll 0% 0%;\">coeur en verre de Murano<\/span><\/span> bleu avec feuille d&rsquo;argent, dimension 5 cm x 4,5 cm. Fourni avec son cordon simple 1 lien. <span style=\"font-size: medium; font-family: georgia,palatino; color: #464646;\"><span style=\"background: none repeat scroll 0% 0% transparent;\"><span style=\"font-size: medium; font-family: georgia,palatino; color: #3b3b3b;\"><span style=\"background: transparent none repeat scroll 0% 0%;\">Disponible \u00e9galement, sur demande, avec une b\u00e9li\u00e8re argent\u00e9e et collier rigide argent\u00e9 rodium, ajouter 19 euros.<\/span><\/span><\/span><\/span> Nous contacter.<\/span><\/span><\/span><\/span><\/p>","protected":false},"excerpt":{"rendered":"<p><span style=\"font-size: medium; font-family: georgia,palatino; color: #464646;\"><span style=\"background: none repeat scroll 0% 0% transparent;\"><span style=\"font-size: medium; font-family: georgia,palatino; color: #3b3b3b;\"><span style=\"background: transparent none repeat scroll 0% 0%;\">Pendentif <span style=\"font-size: medium; font-family: georgia,palatino; color: #3b3b3b;\"><span style=\"background: transparent none repeat scroll 0% 0%;\">coeur en verre de Murano<\/span><\/span> bleu avec feuille d&rsquo;argent, dimension 5 cm x 4,5 cm. Fourni avec son cordon simple 1 lien. <span style=\"font-size: medium; font-family: georgia,palatino; color: #464646;\"><span style=\"background: none repeat scroll 0% 0% transparent;\"><span style=\"font-size: medium; font-family: georgia,palatino; color: #3b3b3b;\"><span style=\"background: transparent none repeat scroll 0% 0%;\">Disponible \u00e9galement, sur demande, avec une b\u00e9li\u00e8re argent\u00e9e et collier rigide argent\u00e9 rodium, ajouter 19 euros.<\/span><\/span><\/span><\/span> Nous contacter.<br \/>\n<\/span><\/span><\/span><\/span><\/p>","protected":false},"featured_media":933,"comment_status":"open","ping_status":"closed","template":"","meta":[],"yoast_head":"<!-- This site is optimized with the Yoast SEO plugin v15.2.1 - https:\/\/yoast.com\/wordpress\/plugins\/seo\/ -->\n<title>pendentif coeur bleu et feuille d&#039;argent &gt; Hashenka<\/title>\n<meta name=\"robots\" content=\"index, follow, max-snippet:-1, max-image-preview:large, max-video-preview:-1\" \/>\n<link rel=\"canonical\" href=\"http:\/\/hashenka.com\/en\/boutique\/accueil\/nos-collections\/pendentifs-et-medailles\/pendentif-coeur-bleu-et-feuille-dargent\/\" \/>\n<meta property=\"og:locale\" content=\"en_GB\" \/>\n<meta property=\"og:type\" content=\"article\" \/>\n<meta property=\"og:title\" content=\"pendentif coeur bleu et feuille d&#039;argent &gt; Hashenka\" \/>\n<meta property=\"og:description\" content=\"Pendentif coeur en verre de Murano bleu avec feuille d&#039;argent, dimension 5 cm x 4,5 cm. Fourni avec son cordon simple 1 lien. Disponible \u00e9galement, sur demande, avec une b\u00e9li\u00e8re argent\u00e9e et collier rigide argent\u00e9 rodium, ajouter 19 euros. Nous contacter.\" \/>\n<meta property=\"og:url\" content=\"http:\/\/hashenka.com\/en\/boutique\/accueil\/nos-collections\/pendentifs-et-medailles\/pendentif-coeur-bleu-et-feuille-dargent\/\" \/>\n<meta property=\"og:site_name\" content=\"Hashenka\" \/>\n<meta property=\"article:modified_time\" content=\"2021-05-07T15:47:40+00:00\" \/>\n<meta property=\"og:image\" content=\"https:\/\/hashenka.com\/wp-content\/uploads\/2020\/11\/454-770-pendentif-coeur-bleu-et-feuille-dargent.jpg\" \/>\n\t<meta property=\"og:image:width\" content=\"333\" \/>\n\t<meta property=\"og:image:height\" content=\"500\" \/>\n<meta name=\"twitter:card\" content=\"summary_large_image\" \/>\n<meta name=\"twitter:label1\" content=\"Written by\">\n\t<meta name=\"twitter:data1\" content=\"admin8227\">\n\t<meta name=\"twitter:label2\" content=\"Estimated reading time\">\n\t<meta name=\"twitter:data2\" content=\"0 minutes\">\n<script type=\"application\/ld+json\" class=\"yoast-schema-graph\">{\"@context\":\"https:\/\/schema.org\",\"@graph\":[{\"@type\":\"WebSite\",\"@id\":\"https:\/\/hashenka.com\/fr_fr\/#website\",\"url\":\"https:\/\/hashenka.com\/fr_fr\/\",\"name\":\"Hashenka\",\"description\":\"Bijoux et objets en verre de Murano\",\"potentialAction\":[{\"@type\":\"SearchAction\",\"target\":\"https:\/\/hashenka.com\/fr_fr\/?s={search_term_string}\",\"query-input\":\"required name=search_term_string\"}],\"inLanguage\":\"en-GB\"},{\"@type\":\"ImageObject\",\"@id\":\"https:\/\/hashenka.com\/boutique\/accueil\/nos-collections\/pendentifs-et-medailles\/pendentif-coeur-bleu-et-feuille-dargent\/#primaryimage\",\"inLanguage\":\"en-GB\",\"url\":\"https:\/\/hashenka.com\/wp-content\/uploads\/2020\/11\/454-770-pendentif-coeur-bleu-et-feuille-dargent.jpg\",\"width\":333,\"height\":500},{\"@type\":\"WebPage\",\"@id\":\"https:\/\/hashenka.com\/boutique\/accueil\/nos-collections\/pendentifs-et-medailles\/pendentif-coeur-bleu-et-feuille-dargent\/#webpage\",\"url\":\"https:\/\/hashenka.com\/boutique\/accueil\/nos-collections\/pendentifs-et-medailles\/pendentif-coeur-bleu-et-feuille-dargent\/\",\"name\":\"pendentif coeur bleu et feuille d'argent &gt; Hashenka\",\"isPartOf\":{\"@id\":\"https:\/\/hashenka.com\/fr_fr\/#website\"},\"primaryImageOfPage\":{\"@id\":\"https:\/\/hashenka.com\/boutique\/accueil\/nos-collections\/pendentifs-et-medailles\/pendentif-coeur-bleu-et-feuille-dargent\/#primaryimage\"},\"datePublished\":\"2020-11-23T14:37:45+00:00\",\"dateModified\":\"2021-05-07T15:47:40+00:00\",\"inLanguage\":\"en-GB\",\"potentialAction\":[{\"@type\":\"ReadAction\",\"target\":[\"https:\/\/hashenka.com\/boutique\/accueil\/nos-collections\/pendentifs-et-medailles\/pendentif-coeur-bleu-et-feuille-dargent\/\"]}]}]}<\/script>\n<!-- \/ Yoast SEO plugin. -->","_links":{"self":[{"href":"http:\/\/hashenka.com\/en\/wp-json\/wp\/v2\/product\/991"}],"collection":[{"href":"http:\/\/hashenka.com\/en\/wp-json\/wp\/v2\/product"}],"about":[{"href":"http:\/\/hashenka.com\/en\/wp-json\/wp\/v2\/types\/product"}],"replies":[{"embeddable":true,"href":"http:\/\/hashenka.com\/en\/wp-json\/wp\/v2\/comments?post=991"}],"wp:featuredmedia":[{"embeddable":true,"href":"http:\/\/hashenka.com\/en\/wp-json\/wp\/v2\/media\/933"}],"wp:attachment":[{"href":"http:\/\/hashenka.com\/en\/wp-json\/wp\/v2\/media?parent=991"}],"curies":[{"name":"wp","href":"https:\/\/api.w.org\/{rel}","templated":true}]}}