{"id":1343,"date":"2020-11-23T15:40:58","date_gmt":"2020-11-23T14:40:58","guid":{"rendered":"http:\/\/hashenka.com\/?product=import-placeholder-for-2260"},"modified":"2024-07-09T18:10:09","modified_gmt":"2024-07-09T16:10:09","slug":"masque-fiamma-bleu","status":"publish","type":"product","link":"http:\/\/hashenka.com\/en\/boutique\/accueil\/nos-collections\/masques-venitiens\/masque-fiamma-bleu\/","title":{"rendered":"Masque Fiamma bleu"},"content":{"rendered":"<p><span style=\"font-size: medium; font-family: georgia,palatino;\"><span style=\"color: #333333; font-family: times new roman, times; font-size: 12pt;\">Masque d\u00e9coratif. Visage en c\u00e9ramique d\u00e9cor\u00e9e et en cuir teint\u00e9 bleu, enroul\u00e9 et coll\u00e9 enti\u00e8rement \u00e0 la main.<\/span><span style=\"color: #333333; font-family: times new roman, times; font-size: 12pt;\"> Crochet \u00e0 l&rsquo;arri\u00e8re. Dimension environ H 25cm\u00a0 x L 12 cm. Avec Certificat<\/span><\/span><\/p>","protected":false},"excerpt":{"rendered":"<p><span style=\"font-size: medium; font-family: georgia,palatino;\"><span style=\"color: #333333; font-family: times new roman, times; font-size: 12pt;\">Masque d\u00e9coratif. Visage en c\u00e9ramique d\u00e9cor\u00e9e et en cuir teint\u00e9 bleu, enroul\u00e9 et coll\u00e9 enti\u00e8rement \u00e0 la main.<\/span><span style=\"color: #333333; font-family: times new roman, times; font-size: 12pt;\"> Crochet \u00e0 l&rsquo;arri\u00e8re. Dimension environ H 25cm\u00a0 x L 12 cm. Avec Certificat<\/span><\/span><\/p>","protected":false},"featured_media":789,"comment_status":"open","ping_status":"closed","template":"","meta":[],"yoast_head":"<!-- This site is optimized with the Yoast SEO plugin v15.2.1 - https:\/\/yoast.com\/wordpress\/plugins\/seo\/ -->\n<title>Masque Fiamma bleu &gt; Hashenka<\/title>\n<meta name=\"robots\" content=\"index, follow, max-snippet:-1, max-image-preview:large, max-video-preview:-1\" \/>\n<link rel=\"canonical\" href=\"http:\/\/hashenka.com\/en\/boutique\/accueil\/nos-collections\/masques-venitiens\/masque-fiamma-bleu\/\" \/>\n<meta property=\"og:locale\" content=\"en_GB\" \/>\n<meta property=\"og:type\" content=\"article\" \/>\n<meta property=\"og:title\" content=\"Masque Fiamma bleu &gt; Hashenka\" \/>\n<meta property=\"og:description\" content=\"Masque d\u00e9coratif. Visage en c\u00e9ramique d\u00e9cor\u00e9e et en cuir teint\u00e9 bleu, enroul\u00e9 et coll\u00e9 enti\u00e8rement \u00e0 la main. Crochet \u00e0 l&#039;arri\u00e8re. Dimension environ H 25cm\u00a0 x L 12 cm. Avec Certificat\" \/>\n<meta property=\"og:url\" content=\"http:\/\/hashenka.com\/en\/boutique\/accueil\/nos-collections\/masques-venitiens\/masque-fiamma-bleu\/\" \/>\n<meta property=\"og:site_name\" content=\"Hashenka\" \/>\n<meta property=\"article:modified_time\" content=\"2024-07-09T16:10:09+00:00\" \/>\n<meta property=\"og:image\" content=\"https:\/\/hashenka.com\/wp-content\/uploads\/2020\/11\/371-912-Masque-Fiamma-bleu.jpg\" \/>\n\t<meta property=\"og:image:width\" content=\"333\" \/>\n\t<meta property=\"og:image:height\" content=\"500\" \/>\n<meta name=\"twitter:card\" content=\"summary_large_image\" \/>\n<meta name=\"twitter:label1\" content=\"Written by\">\n\t<meta name=\"twitter:data1\" content=\"admin8227\">\n\t<meta name=\"twitter:label2\" content=\"Estimated reading time\">\n\t<meta name=\"twitter:data2\" content=\"0 minutes\">\n<script type=\"application\/ld+json\" class=\"yoast-schema-graph\">{\"@context\":\"https:\/\/schema.org\",\"@graph\":[{\"@type\":\"WebSite\",\"@id\":\"https:\/\/hashenka.com\/fr_fr\/#website\",\"url\":\"https:\/\/hashenka.com\/fr_fr\/\",\"name\":\"Hashenka\",\"description\":\"Bijoux et objets en verre de Murano\",\"potentialAction\":[{\"@type\":\"SearchAction\",\"target\":\"https:\/\/hashenka.com\/fr_fr\/?s={search_term_string}\",\"query-input\":\"required name=search_term_string\"}],\"inLanguage\":\"en-GB\"},{\"@type\":\"ImageObject\",\"@id\":\"https:\/\/hashenka.com\/boutique\/accueil\/nos-collections\/masques-venitiens\/masque-fiamma-bleu\/#primaryimage\",\"inLanguage\":\"en-GB\",\"url\":\"https:\/\/hashenka.com\/wp-content\/uploads\/2020\/11\/371-912-Masque-Fiamma-bleu.jpg\",\"width\":333,\"height\":500},{\"@type\":\"WebPage\",\"@id\":\"https:\/\/hashenka.com\/boutique\/accueil\/nos-collections\/masques-venitiens\/masque-fiamma-bleu\/#webpage\",\"url\":\"https:\/\/hashenka.com\/boutique\/accueil\/nos-collections\/masques-venitiens\/masque-fiamma-bleu\/\",\"name\":\"Masque Fiamma bleu &gt; Hashenka\",\"isPartOf\":{\"@id\":\"https:\/\/hashenka.com\/fr_fr\/#website\"},\"primaryImageOfPage\":{\"@id\":\"https:\/\/hashenka.com\/boutique\/accueil\/nos-collections\/masques-venitiens\/masque-fiamma-bleu\/#primaryimage\"},\"datePublished\":\"2020-11-23T14:40:58+00:00\",\"dateModified\":\"2024-07-09T16:10:09+00:00\",\"inLanguage\":\"en-GB\",\"potentialAction\":[{\"@type\":\"ReadAction\",\"target\":[\"https:\/\/hashenka.com\/boutique\/accueil\/nos-collections\/masques-venitiens\/masque-fiamma-bleu\/\"]}]}]}<\/script>\n<!-- \/ Yoast SEO plugin. -->","_links":{"self":[{"href":"http:\/\/hashenka.com\/en\/wp-json\/wp\/v2\/product\/1343"}],"collection":[{"href":"http:\/\/hashenka.com\/en\/wp-json\/wp\/v2\/product"}],"about":[{"href":"http:\/\/hashenka.com\/en\/wp-json\/wp\/v2\/types\/product"}],"replies":[{"embeddable":true,"href":"http:\/\/hashenka.com\/en\/wp-json\/wp\/v2\/comments?post=1343"}],"wp:featuredmedia":[{"embeddable":true,"href":"http:\/\/hashenka.com\/en\/wp-json\/wp\/v2\/media\/789"}],"wp:attachment":[{"href":"http:\/\/hashenka.com\/en\/wp-json\/wp\/v2\/media?parent=1343"}],"curies":[{"name":"wp","href":"https:\/\/api.w.org\/{rel}","templated":true}]}}