{"id":1324,"date":"2020-11-23T15:40:33","date_gmt":"2020-11-23T14:40:33","guid":{"rendered":"http:\/\/hashenka.com\/?product=import-placeholder-for-2151"},"modified":"2021-01-12T18:55:13","modified_gmt":"2021-01-12T17:55:13","slug":"masque-bauta-vert-et-violet-en-papier-mache","status":"publish","type":"product","link":"http:\/\/hashenka.com\/en\/boutique\/accueil\/nos-collections\/masques-venitiens\/masque-bauta-vert-et-violet-en-papier-mache\/","title":{"rendered":"Masque Bauta vert et violet en papier m\u00e2ch\u00e9"},"content":{"rendered":"<p><span style=\"font-size: medium; font-family: georgia,palatino; color: #464646;\"><span style=\"background: none repeat scroll 0% 0% transparent;\">Bague reglable Luxia Ovale en verre de Murano couleur verte et noire, aventurine et feuilles <span style=\"font-size: medium; font-family: georgia,palatino; color: #464646;\"><span style=\"background: none repeat scroll 0% 0% transparent;\"><span style=\"font-size: medium; font-family: book antiqua,palatino;\"><span style=\"font-size: medium; font-family: georgia,palatino; color: #333333;\">Authentique masque Bauta vert et violet, en papier m\u00e2ch\u00e9, \u00e0 porter et\/ou \u00e0 suspendre. Fabrication artisanale v\u00e9nitienne. (Disponible aussi en magasin, nous appeler avant d\u00e9placement !).<\/span><\/span><\/span><\/span><br \/>\n<\/span><\/span><\/p>","protected":false},"excerpt":{"rendered":"<p><span style=\"font-size: medium; font-family: georgia,palatino; color: #464646;\"><span style=\"background: none repeat scroll 0% 0% transparent;\"><span style=\"font-size: medium; font-family: book antiqua,palatino;\"><span style=\"font-size: medium; font-family: georgia,palatino; color: #333333;\">Authentique masque Bauta vert et violet, en papier m\u00e2ch\u00e9, \u00e0 porter et\/ou \u00e0 suspendre. Fabrication artisanale v\u00e9nitienne. (Disponible aussi en magasin, nous appeler avant d\u00e9placement !).<\/span><\/span><\/span><\/span><\/p>","protected":false},"featured_media":722,"comment_status":"open","ping_status":"closed","template":"","meta":[],"yoast_head":"<!-- This site is optimized with the Yoast SEO plugin v15.2.1 - https:\/\/yoast.com\/wordpress\/plugins\/seo\/ -->\n<title>Masque Bauta vert et violet en papier m\u00e2ch\u00e9 &gt; Hashenka<\/title>\n<meta name=\"robots\" content=\"index, follow, max-snippet:-1, max-image-preview:large, max-video-preview:-1\" \/>\n<link rel=\"canonical\" href=\"http:\/\/hashenka.com\/en\/boutique\/accueil\/nos-collections\/masques-venitiens\/masque-bauta-vert-et-violet-en-papier-mache\/\" \/>\n<meta property=\"og:locale\" content=\"en_GB\" \/>\n<meta property=\"og:type\" content=\"article\" \/>\n<meta property=\"og:title\" content=\"Masque Bauta vert et violet en papier m\u00e2ch\u00e9 &gt; Hashenka\" \/>\n<meta property=\"og:description\" content=\"Authentique masque Bauta vert et violet, en papier m\u00e2ch\u00e9, \u00e0 porter et\/ou \u00e0 suspendre. Fabrication artisanale v\u00e9nitienne. (Disponible aussi en magasin, nous appeler avant d\u00e9placement !).\" \/>\n<meta property=\"og:url\" content=\"http:\/\/hashenka.com\/en\/boutique\/accueil\/nos-collections\/masques-venitiens\/masque-bauta-vert-et-violet-en-papier-mache\/\" \/>\n<meta property=\"og:site_name\" content=\"Hashenka\" \/>\n<meta property=\"article:modified_time\" content=\"2021-01-12T17:55:13+00:00\" \/>\n<meta property=\"og:image\" content=\"https:\/\/hashenka.com\/wp-content\/uploads\/2020\/11\/334-757-Masque-Bauta-vert-et-violet-en-papier-mache.jpg\" \/>\n\t<meta property=\"og:image:width\" content=\"333\" \/>\n\t<meta property=\"og:image:height\" content=\"500\" \/>\n<meta name=\"twitter:card\" content=\"summary_large_image\" \/>\n<meta name=\"twitter:label1\" content=\"Written by\">\n\t<meta name=\"twitter:data1\" content=\"admin8227\">\n\t<meta name=\"twitter:label2\" content=\"Estimated reading time\">\n\t<meta name=\"twitter:data2\" content=\"0 minutes\">\n<script type=\"application\/ld+json\" class=\"yoast-schema-graph\">{\"@context\":\"https:\/\/schema.org\",\"@graph\":[{\"@type\":\"WebSite\",\"@id\":\"https:\/\/hashenka.com\/fr_fr\/#website\",\"url\":\"https:\/\/hashenka.com\/fr_fr\/\",\"name\":\"Hashenka\",\"description\":\"Bijoux et objets en verre de Murano\",\"potentialAction\":[{\"@type\":\"SearchAction\",\"target\":\"https:\/\/hashenka.com\/fr_fr\/?s={search_term_string}\",\"query-input\":\"required name=search_term_string\"}],\"inLanguage\":\"en-GB\"},{\"@type\":\"ImageObject\",\"@id\":\"http:\/\/hashenka.com\/boutique\/accueil\/nos-collections\/masques-venitiens\/masque-bauta-vert-et-violet-en-papier-mache\/#primaryimage\",\"inLanguage\":\"en-GB\",\"url\":\"https:\/\/hashenka.com\/wp-content\/uploads\/2020\/11\/334-757-Masque-Bauta-vert-et-violet-en-papier-mache.jpg\",\"width\":333,\"height\":500},{\"@type\":\"WebPage\",\"@id\":\"http:\/\/hashenka.com\/boutique\/accueil\/nos-collections\/masques-venitiens\/masque-bauta-vert-et-violet-en-papier-mache\/#webpage\",\"url\":\"http:\/\/hashenka.com\/boutique\/accueil\/nos-collections\/masques-venitiens\/masque-bauta-vert-et-violet-en-papier-mache\/\",\"name\":\"Masque Bauta vert et violet en papier m\\u00e2ch\\u00e9 &gt; Hashenka\",\"isPartOf\":{\"@id\":\"https:\/\/hashenka.com\/fr_fr\/#website\"},\"primaryImageOfPage\":{\"@id\":\"http:\/\/hashenka.com\/boutique\/accueil\/nos-collections\/masques-venitiens\/masque-bauta-vert-et-violet-en-papier-mache\/#primaryimage\"},\"datePublished\":\"2020-11-23T14:40:33+00:00\",\"dateModified\":\"2021-01-12T17:55:13+00:00\",\"inLanguage\":\"en-GB\",\"potentialAction\":[{\"@type\":\"ReadAction\",\"target\":[\"http:\/\/hashenka.com\/boutique\/accueil\/nos-collections\/masques-venitiens\/masque-bauta-vert-et-violet-en-papier-mache\/\"]}]}]}<\/script>\n<!-- \/ Yoast SEO plugin. -->","_links":{"self":[{"href":"http:\/\/hashenka.com\/en\/wp-json\/wp\/v2\/product\/1324"}],"collection":[{"href":"http:\/\/hashenka.com\/en\/wp-json\/wp\/v2\/product"}],"about":[{"href":"http:\/\/hashenka.com\/en\/wp-json\/wp\/v2\/types\/product"}],"replies":[{"embeddable":true,"href":"http:\/\/hashenka.com\/en\/wp-json\/wp\/v2\/comments?post=1324"}],"wp:featuredmedia":[{"embeddable":true,"href":"http:\/\/hashenka.com\/en\/wp-json\/wp\/v2\/media\/722"}],"wp:attachment":[{"href":"http:\/\/hashenka.com\/en\/wp-json\/wp\/v2\/media?parent=1324"}],"curies":[{"name":"wp","href":"https:\/\/api.w.org\/{rel}","templated":true}]}}