{"id":1314,"date":"2020-11-23T15:40:21","date_gmt":"2020-11-23T14:40:21","guid":{"rendered":"http:\/\/hashenka.com\/?product=import-placeholder-for-2063"},"modified":"2022-02-15T14:27:37","modified_gmt":"2022-02-15T13:27:37","slug":"pendentif-elegant-beige-et-aventurine","status":"publish","type":"product","link":"http:\/\/hashenka.com\/en\/boutique\/accueil\/nos-collections\/pendentifs-et-medailles\/pendentif-elegant-beige-et-aventurine\/","title":{"rendered":"Pendentif \u00e9l\u00e9gant beige et aventurine"},"content":{"rendered":"<p><span style=\"font-size: medium; font-family: georgia,palatino; color: #464646;\"><span style=\"background: none repeat scroll 0% 0% transparent;\"><span style=\"font-size: medium; font-family: georgia,palatino; color: #464646;\"><span style=\"background: none repeat scroll 0% 0% transparent;\"><span style=\"font-size: medium; font-family: georgia,palatino; color: #464646;\"><span style=\"background: none repeat scroll 0% 0% transparent;\"><span style=\"font-size: medium; font-family: georgia,palatino; color: #464646;\"><span style=\"background: none repeat scroll 0% 0% transparent;\"><span style=\"font-size: medium; font-family: georgia,palatino; color: #3b3b3b;\"><span style=\"background: transparent none repeat scroll 0% 0%;\">Pendentif <span style=\"font-size: medium; font-family: georgia,palatino; color: #3b3b3b;\"><span style=\"background: transparent none repeat scroll 0% 0%;\">goutte tr\u00e8s \u00e9l\u00e9gant en verre de Murano, couleur<\/span><\/span> beige avec aventurine et verre calc\u00e9doine, dimension 6 cm x 4,5 cm. Fourni avec son cordon simple 1 lien. <\/span><\/span><\/span><\/span><\/span><\/span><\/span><\/span><\/span><\/span><\/p>","protected":false},"excerpt":{"rendered":"<p><span style=\"font-size: medium; font-family: georgia,palatino; color: #464646;\"><span style=\"background: none repeat scroll 0% 0% transparent;\"><span style=\"font-size: medium; font-family: georgia,palatino; color: #464646;\"><span style=\"background: none repeat scroll 0% 0% transparent;\"><span style=\"font-size: medium; font-family: georgia,palatino; color: #464646;\"><span style=\"background: none repeat scroll 0% 0% transparent;\"><span style=\"font-size: medium; font-family: georgia,palatino; color: #3b3b3b;\"><span style=\"background: transparent none repeat scroll 0% 0%;\">Pendentif <span style=\"font-size: medium; font-family: georgia,palatino; color: #3b3b3b;\"><span style=\"background: transparent none repeat scroll 0% 0%;\">goutte tr\u00e8s \u00e9l\u00e9gant en verre de Murano, couleur<\/span><\/span> beige avec aventurine et verre calc\u00e9doine, dimension 6 cm x 4,5 cm. Fourni avec son cordon simple 1 lien. <\/span><\/span><\/span><\/span><\/span><\/span><\/span><\/span><\/p>","protected":false},"featured_media":670,"comment_status":"open","ping_status":"closed","template":"","meta":[],"yoast_head":"<!-- This site is optimized with the Yoast SEO plugin v15.2.1 - https:\/\/yoast.com\/wordpress\/plugins\/seo\/ -->\n<title>Pendentif \u00e9l\u00e9gant beige et aventurine &gt; Hashenka<\/title>\n<meta name=\"robots\" content=\"index, follow, max-snippet:-1, max-image-preview:large, max-video-preview:-1\" \/>\n<link rel=\"canonical\" href=\"http:\/\/hashenka.com\/en\/boutique\/accueil\/nos-collections\/pendentifs-et-medailles\/pendentif-elegant-beige-et-aventurine\/\" \/>\n<meta property=\"og:locale\" content=\"en_GB\" \/>\n<meta property=\"og:type\" content=\"article\" \/>\n<meta property=\"og:title\" content=\"Pendentif \u00e9l\u00e9gant beige et aventurine &gt; Hashenka\" \/>\n<meta property=\"og:description\" content=\"Pendentif goutte tr\u00e8s \u00e9l\u00e9gant en verre de Murano, couleur beige avec aventurine et verre calc\u00e9doine, dimension 6 cm x 4,5 cm. Fourni avec son cordon simple 1 lien.\" \/>\n<meta property=\"og:url\" content=\"http:\/\/hashenka.com\/en\/boutique\/accueil\/nos-collections\/pendentifs-et-medailles\/pendentif-elegant-beige-et-aventurine\/\" \/>\n<meta property=\"og:site_name\" content=\"Hashenka\" \/>\n<meta property=\"article:modified_time\" content=\"2022-02-15T13:27:37+00:00\" \/>\n<meta property=\"og:image\" content=\"https:\/\/hashenka.com\/wp-content\/uploads\/2020\/11\/299-831-Pendentif-elegant-beige-et-aventurine.jpg\" \/>\n\t<meta property=\"og:image:width\" content=\"333\" \/>\n\t<meta property=\"og:image:height\" content=\"500\" \/>\n<meta name=\"twitter:card\" content=\"summary_large_image\" \/>\n<meta name=\"twitter:label1\" content=\"Written by\">\n\t<meta name=\"twitter:data1\" content=\"admin8227\">\n\t<meta name=\"twitter:label2\" content=\"Estimated reading time\">\n\t<meta name=\"twitter:data2\" content=\"0 minutes\">\n<script type=\"application\/ld+json\" class=\"yoast-schema-graph\">{\"@context\":\"https:\/\/schema.org\",\"@graph\":[{\"@type\":\"WebSite\",\"@id\":\"https:\/\/hashenka.com\/fr_fr\/#website\",\"url\":\"https:\/\/hashenka.com\/fr_fr\/\",\"name\":\"Hashenka\",\"description\":\"Bijoux et objets en verre de Murano\",\"potentialAction\":[{\"@type\":\"SearchAction\",\"target\":\"https:\/\/hashenka.com\/fr_fr\/?s={search_term_string}\",\"query-input\":\"required name=search_term_string\"}],\"inLanguage\":\"en-GB\"},{\"@type\":\"ImageObject\",\"@id\":\"https:\/\/hashenka.com\/boutique\/accueil\/nos-collections\/pendentifs-et-medailles\/pendentif-elegant-beige-et-aventurine\/#primaryimage\",\"inLanguage\":\"en-GB\",\"url\":\"https:\/\/hashenka.com\/wp-content\/uploads\/2020\/11\/299-831-Pendentif-elegant-beige-et-aventurine.jpg\",\"width\":333,\"height\":500},{\"@type\":\"WebPage\",\"@id\":\"https:\/\/hashenka.com\/boutique\/accueil\/nos-collections\/pendentifs-et-medailles\/pendentif-elegant-beige-et-aventurine\/#webpage\",\"url\":\"https:\/\/hashenka.com\/boutique\/accueil\/nos-collections\/pendentifs-et-medailles\/pendentif-elegant-beige-et-aventurine\/\",\"name\":\"Pendentif \\u00e9l\\u00e9gant beige et aventurine &gt; Hashenka\",\"isPartOf\":{\"@id\":\"https:\/\/hashenka.com\/fr_fr\/#website\"},\"primaryImageOfPage\":{\"@id\":\"https:\/\/hashenka.com\/boutique\/accueil\/nos-collections\/pendentifs-et-medailles\/pendentif-elegant-beige-et-aventurine\/#primaryimage\"},\"datePublished\":\"2020-11-23T14:40:21+00:00\",\"dateModified\":\"2022-02-15T13:27:37+00:00\",\"inLanguage\":\"en-GB\",\"potentialAction\":[{\"@type\":\"ReadAction\",\"target\":[\"https:\/\/hashenka.com\/boutique\/accueil\/nos-collections\/pendentifs-et-medailles\/pendentif-elegant-beige-et-aventurine\/\"]}]}]}<\/script>\n<!-- \/ Yoast SEO plugin. -->","_links":{"self":[{"href":"http:\/\/hashenka.com\/en\/wp-json\/wp\/v2\/product\/1314"}],"collection":[{"href":"http:\/\/hashenka.com\/en\/wp-json\/wp\/v2\/product"}],"about":[{"href":"http:\/\/hashenka.com\/en\/wp-json\/wp\/v2\/types\/product"}],"replies":[{"embeddable":true,"href":"http:\/\/hashenka.com\/en\/wp-json\/wp\/v2\/comments?post=1314"}],"wp:featuredmedia":[{"embeddable":true,"href":"http:\/\/hashenka.com\/en\/wp-json\/wp\/v2\/media\/670"}],"wp:attachment":[{"href":"http:\/\/hashenka.com\/en\/wp-json\/wp\/v2\/media?parent=1314"}],"curies":[{"name":"wp","href":"https:\/\/api.w.org\/{rel}","templated":true}]}}